{"id":836,"date":"2015-08-26T12:34:15","date_gmt":"2015-08-26T12:34:15","guid":{"rendered":"http:\/\/10.0.0.199\/pitstop.com.tr\/en\/?page_id=836"},"modified":"2024-03-14T11:08:25","modified_gmt":"2024-03-14T11:08:25","slug":"front-page","status":"publish","type":"page","link":"https:\/\/pitstop.com.tr\/en\/","title":{"rendered":"FRONT PAGE"},"content":{"rendered":"<section class=\"l-section wpb_row us_custom_af587e5a height_auto width_full\"><div class=\"l-section-h i-cf\"><div class=\"g-cols vc_row via_flex valign_top type_default stacking_default\"><div class=\"vc_col-sm-12 wpb_column vc_column_container\"><div class=\"vc_column-inner\"><div class=\"wpb_wrapper\">\n\t\t\t<!-- START A\u00e7\u0131l\u0131\u015f slider REVOLUTION SLIDER 6.7.41 --><p class=\"rs-p-wp-fix\"><\/p>\n\t\t\t<rs-module-wrap id=\"rev_slider_1_1_wrapper\" data-source=\"gallery\" style=\"visibility:hidden;background:transparent;padding:0;margin:0px auto;margin-top:0;margin-bottom:0;\">\n\t\t\t\t<rs-module id=\"rev_slider_1_1\" style=\"\" data-version=\"6.7.41\">\n\t\t\t\t\t<rs-slides style=\"overflow: hidden; position: absolute;\">\n\t\t\t\t\t\t<rs-slide style=\"position: absolute;\" data-key=\"rs-1\" data-title=\"Slide\" data-in=\"o:0;\" data-out=\"a:false;\">\n\t\t\t\t\t\t\t<img decoding=\"async\" src=\"\/\/pitstop.com.tr\/wp-content\/plugins\/revslider\/sr6\/assets\/assets\/dummy.png\" alt=\"\" title=\"acilis-slider-2-ortaklar\" width=\"1200\" height=\"1200\" class=\"rev-slidebg tp-rs-img rs-lazyload\" data-lazyload=\"\/\/pitstop.com.tr\/wp-content\/uploads\/2022\/11\/acilis-slider-2-ortaklar.jpg\" data-bg=\"p:center top;\" data-no-retina>\n<!---->\t\t\t\t\t<\/rs-slide>\n\t\t\t\t\t\t<rs-slide style=\"position: absolute;\" data-key=\"rs-2\" data-title=\"Slide\" data-in=\"o:0;\" data-out=\"a:false;\">\n\t\t\t\t\t\t\t<img decoding=\"async\" src=\"\/\/pitstop.com.tr\/wp-content\/plugins\/revslider\/sr6\/assets\/assets\/dummy.png\" alt=\"\" title=\"acilis-slider-1-pitstop\" width=\"1200\" height=\"1200\" class=\"rev-slidebg tp-rs-img rs-lazyload\" data-lazyload=\"\/\/pitstop.com.tr\/wp-content\/uploads\/2022\/11\/acilis-slider-1-pitstop.jpg\" data-no-retina>\n<!---->\t\t\t\t\t<\/rs-slide>\n\t\t\t\t\t<\/rs-slides>\n\t\t\t\t<\/rs-module>\n\t\t\t\t<script>\n\t\t\t\t\tsetREVStartSize({c: 'rev_slider_1_1',rl:[1240,1240,1240,480],el:[900,900,900,480],gw:[1240,1240,1240,480],gh:[900,900,900,480],type:'standard',justify:'',layout:'fullwidth',mh:\"0\"});if (window.RS_MODULES!==undefined && window.RS_MODULES.modules!==undefined && window.RS_MODULES.modules[\"revslider11\"]!==undefined) {window.RS_MODULES.modules[\"revslider11\"].once = false;window.revapi1 = undefined;if (window.RS_MODULES.checkMinimal!==undefined) window.RS_MODULES.checkMinimal()}\n\t\t\t\t<\/script>\n\t\t\t<\/rs-module-wrap>\n\t\t\t<!-- END REVOLUTION SLIDER -->\n<\/div><\/div><\/div><\/div><\/div><\/section><section class=\"l-section wpb_row height_medium color_secondary\"><div class=\"l-section-h i-cf\"><div class=\"g-cols vc_row via_flex valign_top type_default stacking_default\"><div class=\"vc_col-sm-12 wpb_column vc_column_container\"><div class=\"vc_column-inner\"><div class=\"wpb_wrapper\"><h3 class=\"w-text us_custom_1f4a5b99\"><span title=\"PITSTOP\" class=\"w-text-h\"><span class=\"w-text-value\">The team that makes you win the race: Pitstop<\/span><\/span><\/h3><div class=\"wpb_text_column us_custom_bb5ddbaf\"><div class=\"wpb_wrapper\"><p>Pitstop was established 20 years ago by four friends who thought that \u201chow working with a creative, equipped, skillful, sincere agency could make things easier, so why wouldn\u2019t we be that agency?\u201d during their duty in a marketing department of a multinational company. It was such a right call that we grew rapidly and became an indispensable solution partner of hundreds of companies.<\/p>\n<\/div><\/div><\/div><\/div><\/div><\/div><\/div><\/section><section class=\"l-section wpb_row height_small with_img\" id=\"digital\"><div class=\"l-section-img\" role=\"img\" aria-label=\"Image\" data-img-width=\"1200\" data-img-height=\"800\" style=\"background-image: url(https:\/\/pitstop.com.tr\/wp-content\/uploads\/2012\/05\/Gercek-Tablet-Donemi.jpg);\"><\/div><div class=\"l-section-h i-cf\"><div class=\"g-cols vc_row via_flex valign_top type_default stacking_default\"><div class=\"vc_col-sm-12 wpb_column vc_column_container\"><div class=\"vc_column-inner\"><div class=\"wpb_wrapper\"><div class=\"w-hwrapper valign_middle align_center\" style=\"--hwrapper-gap:0rem\"><div class=\"w-image us_custom_651cfa16 align_none\"><a title=\"PITSTOP DIGITAL\" href=\"https:\/\/pitstop.com.tr\/trz-yeni-site\/en\/pitstop-digital\/\" aria-label=\"pitstop-dijital-logo\" class=\"w-image-h\"><img decoding=\"async\" width=\"720\" height=\"720\" src=\"https:\/\/pitstop.com.tr\/wp-content\/uploads\/2022\/11\/pitstop-dijital-logo.png\" class=\"attachment-full size-full\" alt=\"pitstop dijital\" loading=\"lazy\" srcset=\"https:\/\/pitstop.com.tr\/wp-content\/uploads\/2022\/11\/pitstop-dijital-logo.png 720w, https:\/\/pitstop.com.tr\/wp-content\/uploads\/2022\/11\/pitstop-dijital-logo-300x300.png 300w, https:\/\/pitstop.com.tr\/wp-content\/uploads\/2022\/11\/pitstop-dijital-logo-150x150.png 150w\" sizes=\"auto, (max-width: 720px) 100vw, 720px\" \/><\/a><\/div><\/div><\/div><\/div><\/div><\/div><\/div><\/section><section class=\"l-section wpb_row height_auto width_full color_secondary\"><div class=\"l-section-h i-cf\"><div class=\"g-cols vc_row via_flex valign_middle type_boxes stacking_default\"><div class=\"vc_col-sm-4 wpb_column vc_column_container\"><div class=\"vc_column-inner\"><div class=\"wpb_wrapper\"><div class=\"wpb_text_column\"><div class=\"wpb_wrapper\"><p>S\u00fcleyman Seba Str. No: 79<br \/>\nInner Door No: 1<br \/>\nAkaretler, Besiktas<br \/>\nIstanbul \u2013 Turkiye<br \/>\n.<br \/>\n<a href=\"mailto:info@pitstop.com.tr\">info@pitstop.com.tr<\/a><\/p>\n<\/div><\/div><\/div><\/div><\/div><div class=\"vc_col-sm-8 wpb_column vc_column_container\"><div class=\"vc_column-inner us_custom_b6a72ce1\"><div class=\"wpb_wrapper\"><div class=\"w-map provider_google\" id=\"us_map_1\"><div class=\"w-map-inner\"><div class=\"w-map-json\" onclick='return {&quot;address&quot;:&quot;Visnezade, Suleyman Seba Str. No:79, 34357 Besiktas, Istanbul Turkiye&quot;,&quot;disableDragging&quot;:0,&quot;disableZoom&quot;:0,&quot;hideControls&quot;:0,&quot;zoom&quot;:14,&quot;markers&quot;:[{&quot;address&quot;:&quot;Visnezade, Suleyman Seba Str. No:79, 34357 Besiktas, Istanbul Turkiye&quot;,&quot;html&quot;:&quot;&lt;h6&gt;Pitstop&lt;\\\/h6&gt;\\n&lt;p&gt;Visnezade, Suleyman Seba Str. No:79\\n&lt;br&gt;Besiktas, Istanbul\\n&lt;br&gt;34357, Turkiye&lt;\\\/p&gt;&quot;,&quot;infowindow&quot;:&quot;1&quot;}],&quot;maptype&quot;:&quot;ROADMAP&quot;}'><\/div><\/div><\/div><\/div><\/div><\/div><\/div><\/div><\/section>\n","protected":false},"excerpt":{"rendered":"The team that makes you win the race: PitstopPitstop was established 20 years ago by four friends who thought that \u201chow working with a creative, equipped, skillful, sincere agency could make things easier, so why wouldn\u2019t we be that agency?\u201d during their duty in a marketing department of a multinational company. It was such a...","protected":false},"author":1,"featured_media":1166,"parent":0,"menu_order":0,"comment_status":"closed","ping_status":"closed","template":"","meta":{"_acf_changed":false,"slim_seo":{"title":"Pitstop Reklam Ajans\u0131 - Yar\u0131\u015f kazand\u0131ran ekip","description":""},"footnotes":""},"class_list":["post-836","page","type-page","status-publish","has-post-thumbnail","hentry"],"acf":[],"_links":{"self":[{"href":"https:\/\/pitstop.com.tr\/en\/wp-json\/wp\/v2\/pages\/836","targetHints":{"allow":["GET"]}}],"collection":[{"href":"https:\/\/pitstop.com.tr\/en\/wp-json\/wp\/v2\/pages"}],"about":[{"href":"https:\/\/pitstop.com.tr\/en\/wp-json\/wp\/v2\/types\/page"}],"author":[{"embeddable":true,"href":"https:\/\/pitstop.com.tr\/en\/wp-json\/wp\/v2\/users\/1"}],"replies":[{"embeddable":true,"href":"https:\/\/pitstop.com.tr\/en\/wp-json\/wp\/v2\/comments?post=836"}],"version-history":[{"count":5,"href":"https:\/\/pitstop.com.tr\/en\/wp-json\/wp\/v2\/pages\/836\/revisions"}],"predecessor-version":[{"id":4822,"href":"https:\/\/pitstop.com.tr\/en\/wp-json\/wp\/v2\/pages\/836\/revisions\/4822"}],"wp:featuredmedia":[{"embeddable":true,"href":"https:\/\/pitstop.com.tr\/en\/wp-json\/wp\/v2\/media\/1166"}],"wp:attachment":[{"href":"https:\/\/pitstop.com.tr\/en\/wp-json\/wp\/v2\/media?parent=836"}],"curies":[{"name":"wp","href":"https:\/\/api.w.org\/{rel}","templated":true}]}}